{"id":9723,"date":"2025-10-04T20:11:49","date_gmt":"2025-10-04T20:11:49","guid":{"rendered":"https:\/\/www.rapiwebhost.com\/astorga\/?post_type=product&#038;p=9723"},"modified":"2026-02-11T18:11:02","modified_gmt":"2026-02-11T18:11:02","slug":"sabor-tocino","status":"publish","type":"product","link":"https:\/\/carmilfoods.com\/fr\/producto\/sabor-tocino\/","title":{"rendered":"Saveur bacon"},"content":{"rendered":"<p>Avec l&#8217;ar\u00f4me bacon Carmil, chaque bouch\u00e9e est un d\u00e9lice, irr\u00e9sistiblement parfum\u00e9e au bacon. \u00c9labor\u00e9 \u00e0 partir d&#8217;un m\u00e9lange unique d&#8217;\u00e9pices et d&#8217;une l\u00e9g\u00e8re note fum\u00e9e, cet ar\u00f4me sublime viandes, p\u00e2tes, \u0153ufs, pommes de terre, l\u00e9gumes, et m\u00eame vos en-cas et sauces.<\/p>\n<p>Facile \u00e0 utiliser et plein de caract\u00e8re, c&#8217;est l&#8217;alli\u00e9 id\u00e9al pour savourer une touche de bacon fum\u00e9 \u00e0 tout moment et en tout lieu.<\/p>\n<p>Disponible en :<\/p>\n<p>\u2022 110 g<\/p>\n","protected":false},"excerpt":{"rendered":"<p style=\"text-align: justify;\">Avec l&#8217;assaisonnement Carmil saveur bacon, chaque bouch\u00e9e est impr\u00e9gn\u00e9e de l&#8217;ar\u00f4me et du go\u00fbt irr\u00e9sistibles du bacon. \u00c9labor\u00e9 \u00e0 partir d&#8217;un m\u00e9lange unique d&#8217;\u00e9pices et d&#8217;une l\u00e9g\u00e8re note fum\u00e9e, cet ar\u00f4me est id\u00e9al pour sublimer viandes, p\u00e2tes, \u0153ufs, pommes de terre, l\u00e9gumes, et m\u00eame vos en-cas et sauces.<\/p>\n","protected":false},"featured_media":9730,"comment_status":"closed","ping_status":"closed","template":"","meta":{"_joinchat":[]},"product_brand":[],"product_cat":[82],"product_tag":[],"class_list":{"0":"post-9723","1":"product","2":"type-product","3":"status-publish","4":"has-post-thumbnail","6":"product_cat-sabores-en-polvo","8":"first","9":"instock","10":"shipping-taxable","11":"product-type-simple"},"_links":{"self":[{"href":"https:\/\/carmilfoods.com\/fr\/wp-json\/wp\/v2\/product\/9723","targetHints":{"allow":["GET"]}}],"collection":[{"href":"https:\/\/carmilfoods.com\/fr\/wp-json\/wp\/v2\/product"}],"about":[{"href":"https:\/\/carmilfoods.com\/fr\/wp-json\/wp\/v2\/types\/product"}],"replies":[{"embeddable":true,"href":"https:\/\/carmilfoods.com\/fr\/wp-json\/wp\/v2\/comments?post=9723"}],"wp:featuredmedia":[{"embeddable":true,"href":"https:\/\/carmilfoods.com\/fr\/wp-json\/wp\/v2\/media\/9730"}],"wp:attachment":[{"href":"https:\/\/carmilfoods.com\/fr\/wp-json\/wp\/v2\/media?parent=9723"}],"wp:term":[{"taxonomy":"product_brand","embeddable":true,"href":"https:\/\/carmilfoods.com\/fr\/wp-json\/wp\/v2\/product_brand?post=9723"},{"taxonomy":"product_cat","embeddable":true,"href":"https:\/\/carmilfoods.com\/fr\/wp-json\/wp\/v2\/product_cat?post=9723"},{"taxonomy":"product_tag","embeddable":true,"href":"https:\/\/carmilfoods.com\/fr\/wp-json\/wp\/v2\/product_tag?post=9723"}],"curies":[{"name":"wp","href":"https:\/\/api.w.org\/{rel}","templated":true}]}}