{"id":9722,"date":"2025-10-04T20:00:31","date_gmt":"2025-10-04T20:00:31","guid":{"rendered":"https:\/\/www.rapiwebhost.com\/astorga\/?post_type=product&#038;p=9722"},"modified":"2026-02-11T18:15:36","modified_gmt":"2026-02-11T18:15:36","slug":"sabor-fajitas","status":"publish","type":"product","link":"https:\/\/carmilfoods.com\/fr\/producto\/sabor-fajitas\/","title":{"rendered":"Saveur fajita"},"content":{"rendered":"<p>Avec Sabor Fajitas, vos plats acqui\u00e8rent cette touche \u00e9pic\u00e9e, juteuse et savoureuse qui caract\u00e9rise les fajitas maison. Son m\u00e9lange concentr\u00e9 combine saveurs et \u00e9pices pour donner de la profondeur et de l&#8217;\u00e9quilibre au go\u00fbt. Parfait pour le b\u0153uf, le poulet, le porc ou les l\u00e9gumes saut\u00e9s, cet assaisonnement sublime chaque ingr\u00e9dient et embaume la table d&#8217;un ar\u00f4me irr\u00e9sistible.<\/p>\n<p>Son emballage pratique pr\u00e9serve la fra\u00eecheur des \u00e9pices et garantit une utilisation prolong\u00e9e, id\u00e9al pour les familles et les passionn\u00e9s de cuisine.<\/p>\n<p>Disponible en :<\/p>\n<p>\u2022 110 g<\/p>\n","protected":false},"excerpt":{"rendered":"<p style=\"text-align: justify;\">Avec Sabor Fajitas, vos plats acqui\u00e8rent cette touche \u00e9pic\u00e9e, juteuse et savoureuse qui caract\u00e9rise les fajitas maison. Son m\u00e9lange concentr\u00e9 combine saveurs et \u00e9pices pour donner de la profondeur et de l&#8217;\u00e9quilibre au go\u00fbt. Parfait pour le b\u0153uf, le poulet, le porc ou les l\u00e9gumes saut\u00e9s, cet assaisonnement sublime chaque ingr\u00e9dient et embaume la table d&#8217;un ar\u00f4me irr\u00e9sistible.<\/p>\n","protected":false},"featured_media":9728,"comment_status":"closed","ping_status":"closed","template":"","meta":{"_joinchat":[]},"product_brand":[],"product_cat":[82],"product_tag":[],"class_list":{"0":"post-9722","1":"product","2":"type-product","3":"status-publish","4":"has-post-thumbnail","6":"product_cat-sabores-en-polvo","8":"first","9":"instock","10":"shipping-taxable","11":"product-type-simple"},"_links":{"self":[{"href":"https:\/\/carmilfoods.com\/fr\/wp-json\/wp\/v2\/product\/9722","targetHints":{"allow":["GET"]}}],"collection":[{"href":"https:\/\/carmilfoods.com\/fr\/wp-json\/wp\/v2\/product"}],"about":[{"href":"https:\/\/carmilfoods.com\/fr\/wp-json\/wp\/v2\/types\/product"}],"replies":[{"embeddable":true,"href":"https:\/\/carmilfoods.com\/fr\/wp-json\/wp\/v2\/comments?post=9722"}],"wp:featuredmedia":[{"embeddable":true,"href":"https:\/\/carmilfoods.com\/fr\/wp-json\/wp\/v2\/media\/9728"}],"wp:attachment":[{"href":"https:\/\/carmilfoods.com\/fr\/wp-json\/wp\/v2\/media?parent=9722"}],"wp:term":[{"taxonomy":"product_brand","embeddable":true,"href":"https:\/\/carmilfoods.com\/fr\/wp-json\/wp\/v2\/product_brand?post=9722"},{"taxonomy":"product_cat","embeddable":true,"href":"https:\/\/carmilfoods.com\/fr\/wp-json\/wp\/v2\/product_cat?post=9722"},{"taxonomy":"product_tag","embeddable":true,"href":"https:\/\/carmilfoods.com\/fr\/wp-json\/wp\/v2\/product_tag?post=9722"}],"curies":[{"name":"wp","href":"https:\/\/api.w.org\/{rel}","templated":true}]}}