{"id":9721,"date":"2025-10-04T19:59:00","date_gmt":"2025-10-04T19:59:00","guid":{"rendered":"https:\/\/www.rapiwebhost.com\/astorga\/?post_type=product&#038;p=9721"},"modified":"2026-02-11T18:22:40","modified_gmt":"2026-02-11T18:22:40","slug":"sabor-mezquite","status":"publish","type":"product","link":"https:\/\/carmilfoods.com\/fr\/producto\/sabor-mezquite\/","title":{"rendered":"Saveur de mesquite"},"content":{"rendered":"<p>Avec l&#8217;assaisonnement Carmil Saveur Mesquite, chaque bouch\u00e9e r\u00e9v\u00e8le une saveur authentique et intense dans vos plats. Compos\u00e9 d&#8217;un m\u00e9lange d&#8217;\u00e9pices soigneusement s\u00e9lectionn\u00e9es et de l&#8217;incontournable note fum\u00e9e du mesquite, cet assaisonnement est id\u00e9al pour sublimer les viandes grill\u00e9es, les c\u00f4tes lev\u00e9es, les hamburgers ou les l\u00e9gumes r\u00f4tis.<\/p>\n<p>Parfait pour ceux qui recherchent une saveur fum\u00e9e profonde et subtile qui transforme n&#8217;importe quel plat en une exp\u00e9rience gustative irr\u00e9sistible. Le secret d&#8217;un barbecue qui a du caract\u00e8re.<\/p>\n<p>Disponible en :<\/p>\n<p>\u2022 110 g<\/p>\n","protected":false},"excerpt":{"rendered":"<p style=\"text-align: justify;\">Avec l&#8217;assaisonnement Carmil Saveur Mesquite, chaque bouch\u00e9e r\u00e9v\u00e8le une saveur authentique et intense dans vos plats. Compos\u00e9 d&#8217;un m\u00e9lange d&#8217;\u00e9pices soigneusement s\u00e9lectionn\u00e9es et de l&#8217;incontournable note fum\u00e9e du mesquite, cet assaisonnement est id\u00e9al pour sublimer les viandes grill\u00e9es, les c\u00f4tes lev\u00e9es, les hamburgers ou les l\u00e9gumes r\u00f4tis.<\/p>\n","protected":false},"featured_media":9729,"comment_status":"closed","ping_status":"closed","template":"","meta":{"_joinchat":[]},"product_brand":[],"product_cat":[82],"product_tag":[],"class_list":{"0":"post-9721","1":"product","2":"type-product","3":"status-publish","4":"has-post-thumbnail","6":"product_cat-sabores-en-polvo","8":"first","9":"instock","10":"shipping-taxable","11":"product-type-simple"},"_links":{"self":[{"href":"https:\/\/carmilfoods.com\/fr\/wp-json\/wp\/v2\/product\/9721","targetHints":{"allow":["GET"]}}],"collection":[{"href":"https:\/\/carmilfoods.com\/fr\/wp-json\/wp\/v2\/product"}],"about":[{"href":"https:\/\/carmilfoods.com\/fr\/wp-json\/wp\/v2\/types\/product"}],"replies":[{"embeddable":true,"href":"https:\/\/carmilfoods.com\/fr\/wp-json\/wp\/v2\/comments?post=9721"}],"wp:featuredmedia":[{"embeddable":true,"href":"https:\/\/carmilfoods.com\/fr\/wp-json\/wp\/v2\/media\/9729"}],"wp:attachment":[{"href":"https:\/\/carmilfoods.com\/fr\/wp-json\/wp\/v2\/media?parent=9721"}],"wp:term":[{"taxonomy":"product_brand","embeddable":true,"href":"https:\/\/carmilfoods.com\/fr\/wp-json\/wp\/v2\/product_brand?post=9721"},{"taxonomy":"product_cat","embeddable":true,"href":"https:\/\/carmilfoods.com\/fr\/wp-json\/wp\/v2\/product_cat?post=9721"},{"taxonomy":"product_tag","embeddable":true,"href":"https:\/\/carmilfoods.com\/fr\/wp-json\/wp\/v2\/product_tag?post=9721"}],"curies":[{"name":"wp","href":"https:\/\/api.w.org\/{rel}","templated":true}]}}