{"id":9720,"date":"2025-10-04T19:56:48","date_gmt":"2025-10-04T19:56:48","guid":{"rendered":"https:\/\/www.rapiwebhost.com\/astorga\/?post_type=product&#038;p=9720"},"modified":"2026-02-11T18:23:30","modified_gmt":"2026-02-11T18:23:30","slug":"sabor-parrila","status":"publish","type":"product","link":"https:\/\/carmilfoods.com\/fr\/producto\/sabor-parrila\/","title":{"rendered":"Saveur grill\u00e9e"},"content":{"rendered":"<p>Avec l&#8217;assaisonnement Carmil Grill Saveur, retrouvez le go\u00fbt incomparable du barbecue dans vos repas du quotidien. Ce m\u00e9lange exclusif d&#8217;\u00e9pices et d&#8217;ar\u00f4mes recr\u00e9e la d\u00e9licieuse saveur fum\u00e9e et juteuse d&#8217;un barbecue traditionnel, id\u00e9al pour rehausser le go\u00fbt des viandes, des hamburgers, des l\u00e9gumes et m\u00eame des plats au four.<\/p>\n<p>Facile \u00e0 utiliser et plein de caract\u00e8re, c&#8217;est l&#8217;alli\u00e9 parfait pour savourer un go\u00fbt grill\u00e9 \u00e0 tout moment et en tout lieu.<\/p>\n<p>Disponible en :<\/p>\n<p>\u2022 110 g<\/p>\n","protected":false},"excerpt":{"rendered":"<p style=\"text-align: justify;\">Avec l&#8217;assaisonnement Carmil Grill Flavor, retrouvez le go\u00fbt incomparable du barbecue dans vos repas du quotidien. Ce m\u00e9lange exclusif d&#8217;\u00e9pices et d&#8217;ar\u00f4mes recr\u00e9e la d\u00e9licieuse saveur fum\u00e9e et juteuse d&#8217;un barbecue traditionnel, id\u00e9al pour rehausser le go\u00fbt des viandes, des hamburgers, des l\u00e9gumes et m\u00eame des plats cuits au four.<\/p>\n","protected":false},"featured_media":9727,"comment_status":"closed","ping_status":"closed","template":"","meta":{"_joinchat":[]},"product_brand":[],"product_cat":[82],"product_tag":[],"class_list":{"0":"post-9720","1":"product","2":"type-product","3":"status-publish","4":"has-post-thumbnail","6":"product_cat-sabores-en-polvo","8":"first","9":"instock","10":"shipping-taxable","11":"product-type-simple"},"_links":{"self":[{"href":"https:\/\/carmilfoods.com\/fr\/wp-json\/wp\/v2\/product\/9720","targetHints":{"allow":["GET"]}}],"collection":[{"href":"https:\/\/carmilfoods.com\/fr\/wp-json\/wp\/v2\/product"}],"about":[{"href":"https:\/\/carmilfoods.com\/fr\/wp-json\/wp\/v2\/types\/product"}],"replies":[{"embeddable":true,"href":"https:\/\/carmilfoods.com\/fr\/wp-json\/wp\/v2\/comments?post=9720"}],"wp:featuredmedia":[{"embeddable":true,"href":"https:\/\/carmilfoods.com\/fr\/wp-json\/wp\/v2\/media\/9727"}],"wp:attachment":[{"href":"https:\/\/carmilfoods.com\/fr\/wp-json\/wp\/v2\/media?parent=9720"}],"wp:term":[{"taxonomy":"product_brand","embeddable":true,"href":"https:\/\/carmilfoods.com\/fr\/wp-json\/wp\/v2\/product_brand?post=9720"},{"taxonomy":"product_cat","embeddable":true,"href":"https:\/\/carmilfoods.com\/fr\/wp-json\/wp\/v2\/product_cat?post=9720"},{"taxonomy":"product_tag","embeddable":true,"href":"https:\/\/carmilfoods.com\/fr\/wp-json\/wp\/v2\/product_tag?post=9720"}],"curies":[{"name":"wp","href":"https:\/\/api.w.org\/{rel}","templated":true}]}}