{"id":9716,"date":"2024-10-04T19:39:56","date_gmt":"2024-10-04T19:39:56","guid":{"rendered":"https:\/\/www.rapiwebhost.com\/astorga\/?post_type=product&#038;p=9716"},"modified":"2026-02-11T18:46:12","modified_gmt":"2026-02-11T18:46:12","slug":"marinador-chimichurri-carmil","status":"publish","type":"product","link":"https:\/\/carmilfoods.com\/fr\/producto\/marinador-chimichurri-carmil\/","title":{"rendered":"Marinade Chimichurri Carmil"},"content":{"rendered":"<p>Le go\u00fbt authentique du grill !<\/p>\n<p>D\u00e9couvrez la saveur irr\u00e9sistible de la marinade Chimichurri Carmil, un m\u00e9lange artisanal d&#8217;\u00e9pices, d&#8217;ail et d&#8217;une pointe de vinaigre et d&#8217;huile qui transforme toutes vos viandes en une exp\u00e9rience gustative unique.<\/p>\n<p>Id\u00e9al pour :<\/p>\n<p>\u2022 Mariner les viandes rouges avant de les griller ou de les faire cuire au barbecue.<br \/>\n\u2022 Rehausser la saveur du poulet r\u00f4ti, po\u00eal\u00e9 ou grill\u00e9.<br \/>\n\u2022 Apporter une touche sp\u00e9ciale au porc ou aux travers de porc.<br \/>\n\u2022 Accompagner les empanadas, les choripanes ou les sandwichs.<br \/>\n\u2022 Assaisonner les l\u00e9gumes grill\u00e9s ou saut\u00e9s.<br \/>\n\u2022 Utiliser comme vinaigrette pour les salades rustiques.<br \/>\n\u2022 Rehausser la saveur des pommes de terre r\u00f4ties ou cuites au four.<br \/>\n\u2022 Comme trempette ou sauce pour les ap\u00e9ritifs et les en-cas.<\/p>\n<p>Disponible en :<\/p>\n<p>\u2022 212,6 g<br \/>\n\u2022 3,6 kg<br \/>\n\u2022 20 kg<\/p>\n","protected":false},"excerpt":{"rendered":"<p style=\"text-align: justify;\">La marinade Carmil Mangue Habanero est un m\u00e9lange irr\u00e9sistible qui allie la douceur juteuse de la mangue m\u00fbre au piquant caract\u00e9ristique du piment habanero. Sp\u00e9cialement con\u00e7ue pour sublimer la saveur des viandes blanches, des viandes rouges et des fruits de mer, cette marinade offre un profil exotique, aigre-doux et l\u00e9g\u00e8rement \u00e9pic\u00e9 qui ravira les palais les plus exigeants.<\/p>\n","protected":false},"featured_media":9784,"comment_status":"closed","ping_status":"closed","template":"","meta":{"_joinchat":[]},"product_brand":[],"product_cat":[94],"product_tag":[],"class_list":{"0":"post-9716","1":"product","2":"type-product","3":"status-publish","4":"has-post-thumbnail","6":"product_cat-marinadores-liquidos","8":"first","9":"instock","10":"shipping-taxable","11":"product-type-simple"},"_links":{"self":[{"href":"https:\/\/carmilfoods.com\/fr\/wp-json\/wp\/v2\/product\/9716","targetHints":{"allow":["GET"]}}],"collection":[{"href":"https:\/\/carmilfoods.com\/fr\/wp-json\/wp\/v2\/product"}],"about":[{"href":"https:\/\/carmilfoods.com\/fr\/wp-json\/wp\/v2\/types\/product"}],"replies":[{"embeddable":true,"href":"https:\/\/carmilfoods.com\/fr\/wp-json\/wp\/v2\/comments?post=9716"}],"wp:featuredmedia":[{"embeddable":true,"href":"https:\/\/carmilfoods.com\/fr\/wp-json\/wp\/v2\/media\/9784"}],"wp:attachment":[{"href":"https:\/\/carmilfoods.com\/fr\/wp-json\/wp\/v2\/media?parent=9716"}],"wp:term":[{"taxonomy":"product_brand","embeddable":true,"href":"https:\/\/carmilfoods.com\/fr\/wp-json\/wp\/v2\/product_brand?post=9716"},{"taxonomy":"product_cat","embeddable":true,"href":"https:\/\/carmilfoods.com\/fr\/wp-json\/wp\/v2\/product_cat?post=9716"},{"taxonomy":"product_tag","embeddable":true,"href":"https:\/\/carmilfoods.com\/fr\/wp-json\/wp\/v2\/product_tag?post=9716"}],"curies":[{"name":"wp","href":"https:\/\/api.w.org\/{rel}","templated":true}]}}