{"id":9709,"date":"2025-10-04T19:22:26","date_gmt":"2025-10-04T19:22:26","guid":{"rendered":"https:\/\/www.rapiwebhost.com\/astorga\/?post_type=product&#038;p=9709"},"modified":"2026-02-11T18:45:05","modified_gmt":"2026-02-11T18:45:05","slug":"marinador-carne-al-pastor","status":"publish","type":"product","link":"https:\/\/carmilfoods.com\/fr\/producto\/marinador-carne-al-pastor\/","title":{"rendered":"Marinade pour viande al pastor"},"content":{"rendered":"<p>La marinade Carmil Carne al Pastor est une solution pratique et efficace pour recr\u00e9er chez soi la saveur authentique des tacos al pastor. Gr\u00e2ce \u00e0 son m\u00e9lange \u00e9quilibr\u00e9 d&#8217;\u00e9pices, de piments, d&#8217;achiote et \u00e0 sa couleur parfaite, elle donne d&#8217;excellents r\u00e9sultats avec le porc et convient \u00e9galement \u00e0 d&#8217;autres viandes.<\/p>\n<p>Id\u00e9al pour :<\/p>\n<p>\u2022 Tacos al pastor traditionnels : Marinez du porc (longe, cuisse ou travers d\u00e9soss\u00e9s) pour pr\u00e9parer des tacos al pastor dans le plus pur style traditionnel, avec de l&#8217;ananas grill\u00e9, des oignons et de la coriandre.<\/p>\n<p>\u2022 Poulet al pastor : Parfait pour mariner et griller des blancs ou des cuisses de poulet, pour une alternative plus l\u00e9g\u00e8re mais tout aussi savoureuse.<\/p>\n<p>\u2022 B\u0153uf al pastor : Id\u00e9al pour pr\u00e9parer une variante de tacos ou de burritos al pastor avec du b\u0153uf hach\u00e9 ou des fajitas de b\u0153uf.<\/p>\n<p>\u2022 Brochettes al pastor : Excellente sur des brochettes de viande avec de l&#8217;ananas, des poivrons et des oignons, id\u00e9ales pour le barbecue.<\/p>\n<p>L\u00e9gumes al pastor\u00a0: Faites mariner des champignons, des courgettes ou m\u00eame du tofu pour une version v\u00e9g\u00e9tarienne au go\u00fbt authentique du pastor.<\/p>\n<p>Formats disponibles\u00a0:<\/p>\n<p>\u2022 250\u00a0ml<br \/>\n\u2022 330\u00a0ml<br \/>\n\u2022 350\u00a0ml<br \/>\n\u2022 3,6\u00a0L<br \/>\n\u2022 20\u00a0L<\/p>\n","protected":false},"excerpt":{"rendered":"<p style=\"text-align: justify;\">La marinade pour r\u00f4ti de b\u0153uf Carmil est un m\u00e9lange liquide d&#8217;\u00e9pices, d&#8217;assaisonnements et d&#8217;agents attendrissants con\u00e7u pour rehausser la saveur de tout type de viande, bien qu&#8217;elle excelle particuli\u00e8rement dans le r\u00f4ti de b\u0153uf traditionnel du nord.<\/p>\n","protected":false},"featured_media":9738,"comment_status":"closed","ping_status":"closed","template":"","meta":{"_joinchat":[]},"product_brand":[],"product_cat":[94],"product_tag":[],"class_list":{"0":"post-9709","1":"product","2":"type-product","3":"status-publish","4":"has-post-thumbnail","6":"product_cat-marinadores-liquidos","8":"first","9":"instock","10":"shipping-taxable","11":"product-type-simple"},"_links":{"self":[{"href":"https:\/\/carmilfoods.com\/fr\/wp-json\/wp\/v2\/product\/9709","targetHints":{"allow":["GET"]}}],"collection":[{"href":"https:\/\/carmilfoods.com\/fr\/wp-json\/wp\/v2\/product"}],"about":[{"href":"https:\/\/carmilfoods.com\/fr\/wp-json\/wp\/v2\/types\/product"}],"replies":[{"embeddable":true,"href":"https:\/\/carmilfoods.com\/fr\/wp-json\/wp\/v2\/comments?post=9709"}],"wp:featuredmedia":[{"embeddable":true,"href":"https:\/\/carmilfoods.com\/fr\/wp-json\/wp\/v2\/media\/9738"}],"wp:attachment":[{"href":"https:\/\/carmilfoods.com\/fr\/wp-json\/wp\/v2\/media?parent=9709"}],"wp:term":[{"taxonomy":"product_brand","embeddable":true,"href":"https:\/\/carmilfoods.com\/fr\/wp-json\/wp\/v2\/product_brand?post=9709"},{"taxonomy":"product_cat","embeddable":true,"href":"https:\/\/carmilfoods.com\/fr\/wp-json\/wp\/v2\/product_cat?post=9709"},{"taxonomy":"product_tag","embeddable":true,"href":"https:\/\/carmilfoods.com\/fr\/wp-json\/wp\/v2\/product_tag?post=9709"}],"curies":[{"name":"wp","href":"https:\/\/api.w.org\/{rel}","templated":true}]}}