{"id":9647,"date":"2023-11-03T08:41:31","date_gmt":"2023-11-03T08:41:31","guid":{"rendered":"https:\/\/www.rapiwebhost.com\/astorga\/?post_type=product&#038;p=9647"},"modified":"2026-02-11T18:46:59","modified_gmt":"2026-02-11T18:46:59","slug":"marinador-carne-asada","status":"publish","type":"product","link":"https:\/\/carmilfoods.com\/fr\/producto\/marinador-carne-asada\/","title":{"rendered":"Marinade pour viande grill\u00e9e"},"content":{"rendered":"<p>La marinade Carmil Carne Asada est un m\u00e9lange liquide d&#8217;\u00e9pices, d&#8217;aromates et d&#8217;agents attendrissants con\u00e7u pour sublimer la saveur de tous types de viande, et plus particuli\u00e8rement celle de la carne asada traditionnelle du nord de l&#8217;Angleterre.<\/p>\n<p>Avec son profil l\u00e9g\u00e8rement fum\u00e9 et \u00e9pic\u00e9, cette marinade offre un \u00e9quilibre parfait entre puissance et ar\u00f4me, pour une exp\u00e9rience gustative authentique, riche et enveloppante.<\/p>\n<p>Id\u00e9al pour\u00a0:<\/p>\n<p>\u2022 B\u0153uf (carne asada)\u00a0: bavette, entrec\u00f4te, paleron, T-bone, faux-filet<br \/>\n\u2022 Poulet\u00a0: cuisses, blancs, ailes (surtout grill\u00e9s ou cuits au four)<br \/>\n\u2022 Porc\u00a0: c\u00f4tes, filet, c\u00f4telettes<br \/>\n\u2022 L\u00e9gumes\u00a0: ma\u00efs, champignons, courgettes ou poivrons<br \/>\n\u2022 Hamburgers\u00a0: \u00e0 m\u00e9langer \u00e0 la viande hach\u00e9e pour une saveur unique<\/p>\n<p>Disponible en\u00a0:<\/p>\n<p>\u2022 250\u00a0ml<br \/>\n\u2022 330\u00a0ml<br \/>\n\u2022 350\u00a0ml<br \/>\n\u2022 3,6\u00a0L<br \/>\n\u2022 20\u00a0L<\/p>\n","protected":false},"excerpt":{"rendered":"<p style=\"text-align: justify;\">La marinade pour r\u00f4ti de b\u0153uf Carmil est un m\u00e9lange liquide d&#8217;\u00e9pices, d&#8217;assaisonnements et d&#8217;agents attendrissants con\u00e7u pour rehausser la saveur de tout type de viande, bien qu&#8217;elle excelle particuli\u00e8rement dans le r\u00f4ti de b\u0153uf traditionnel du nord.<\/p>\n","protected":false},"featured_media":9740,"comment_status":"closed","ping_status":"closed","template":"","meta":{"_joinchat":[]},"product_brand":[],"product_cat":[94],"product_tag":[],"class_list":{"0":"post-9647","1":"product","2":"type-product","3":"status-publish","4":"has-post-thumbnail","6":"product_cat-marinadores-liquidos","8":"first","9":"instock","10":"shipping-taxable","11":"product-type-simple"},"_links":{"self":[{"href":"https:\/\/carmilfoods.com\/fr\/wp-json\/wp\/v2\/product\/9647","targetHints":{"allow":["GET"]}}],"collection":[{"href":"https:\/\/carmilfoods.com\/fr\/wp-json\/wp\/v2\/product"}],"about":[{"href":"https:\/\/carmilfoods.com\/fr\/wp-json\/wp\/v2\/types\/product"}],"replies":[{"embeddable":true,"href":"https:\/\/carmilfoods.com\/fr\/wp-json\/wp\/v2\/comments?post=9647"}],"wp:featuredmedia":[{"embeddable":true,"href":"https:\/\/carmilfoods.com\/fr\/wp-json\/wp\/v2\/media\/9740"}],"wp:attachment":[{"href":"https:\/\/carmilfoods.com\/fr\/wp-json\/wp\/v2\/media?parent=9647"}],"wp:term":[{"taxonomy":"product_brand","embeddable":true,"href":"https:\/\/carmilfoods.com\/fr\/wp-json\/wp\/v2\/product_brand?post=9647"},{"taxonomy":"product_cat","embeddable":true,"href":"https:\/\/carmilfoods.com\/fr\/wp-json\/wp\/v2\/product_cat?post=9647"},{"taxonomy":"product_tag","embeddable":true,"href":"https:\/\/carmilfoods.com\/fr\/wp-json\/wp\/v2\/product_tag?post=9647"}],"curies":[{"name":"wp","href":"https:\/\/api.w.org\/{rel}","templated":true}]}}