{"id":9389,"date":"2023-10-03T08:00:06","date_gmt":"2023-10-03T08:00:06","guid":{"rendered":"http:\/\/roodcomunicacion.com\/tierraycolor\/?page_id=9389"},"modified":"2026-02-11T17:43:13","modified_gmt":"2026-02-11T17:43:13","slug":"nosotros","status":"publish","type":"page","link":"https:\/\/carmilfoods.com\/fr\/nosotros\/","title":{"rendered":"Nosotros"},"content":{"rendered":"<section class=\"wpb-content-wrapper\"><p>[vc_row css=&#8221;.vc_custom_1698978287020{background-image: url(https:\/\/www.rapiwebhost.com\/astorga\/wp-content\/uploads\/2023\/11\/fond_02a.jpg?id=9537) !important;background-position: center !important;background-repeat: no-repeat !important;background-size: cover !important;}&#8221; el_id=&#8221;first-row&#8221;][vc_column]\r\n\t<div class=\"bauer-spacer clearfix\" data-desktop=\"94\" data-mobi=\"60\" data-smobi=\"60\"><\/div>[vc_row_inner column_inner_spacing=&#8221;100&#8243;][vc_column_inner width=&#8221;1\/2&#8243;]\r\n\t<div class=\"bauer-spacer clearfix\" data-desktop=\"25\" data-mobi=\"45\" data-smobi=\"45\"><\/div><h2 class=\"bauer-text clearfix  wow fadeIn\" style=\"font-weight:600;font-size:38px;line-height:40px;margin-bottom:32px;\"><p><strong>\u00c0 propos de nous<\/strong><\/p>\n<\/h2><div class=\"bauer-text clearfix  wow fadeIn\" style=\"font-size:16px;\"><p>Carmil est la marque d&#8217;Astorga Foods Ingredients, une entreprise fi\u00e8rement originaire de Chihuahua, qui s&#8217;engage \u00e0 apporter innovation et saveur aux cuisines professionnelles comme aux particuliers. Fond\u00e9e en 2013 au sein de PIINCA, notre maison m\u00e8re b\u00e9n\u00e9ficie d&#8217;une vaste exp\u00e9rience dans la fabrication et la distribution d&#8217;ingr\u00e9dients \u00e0 l&#8217;\u00e9chelle industrielle.<\/p>\n<p>Avec Carmil, nous mettons notre expertise au service des restaurants et des supermarch\u00e9s, en proposant une gamme sp\u00e9cialis\u00e9e d&#8217;exhausteurs de go\u00fbt, de marinades et de farines sp\u00e9ciales, con\u00e7us pour faciliter la pr\u00e9paration de plats irr\u00e9sistibles.<\/p>\n<p>Notre \u00e9quipe est compos\u00e9e de professionnels hautement qualifi\u00e9s, passionn\u00e9s par le d\u00e9veloppement de produits alimentaires qui inspirent la cr\u00e9ativit\u00e9 culinaire.<\/p>\n<p>Dans chaque ingr\u00e9dient Carmil, nous offrons l&#8217;essence m\u00eame de la saveur et de la qualit\u00e9, transformant le quotidien en extraordinaire.<\/p>\n<\/div>\r\n\t<div class=\"bauer-spacer clearfix\" data-desktop=\"30\" data-mobi=\"10\" data-smobi=\"10\"><\/div><div class=\"button-wrap icon-right wow fadeIn\" style=\"\"  data-wow-duration=\"0.75s\" data-wow-delay=\"0.3s\"><a href=\"https:\/\/carmilfoods.com\/frcontacto\/\" target=\"_self\" class=\"bauer-button btn-407192938 medium no_icon accent\" style=\"border-radius:30px;\"  data-text=\"#ffffff\">\r\n\t\t<span style=\"\">Contactez-nous <\/span>\r\n\t<\/a><\/div>\r\n\t<div class=\"bauer-spacer clearfix\" data-desktop=\"50\" data-mobi=\"10\" data-smobi=\"10\"><\/div>[\/vc_column_inner][vc_column_inner width=&#8221;1\/2&#8243;]<div class=\"bauer-simple-image text-center\" style=\"\" >\r\n\t\t\t<img decoding=\"async\" alt=\"image\" src=\"https:\/\/carmilfoods.com\/fr\/wp-content\/uploads\/2025\/10\/nosotros_03.png\" \/> \r\n\t\t<\/div>[\/vc_column_inner][\/vc_row_inner]\r\n\t<div class=\"bauer-spacer clearfix\" data-desktop=\"100\" data-mobi=\"60\" data-smobi=\"60\"><\/div>[\/vc_column][\/vc_row][vc_row disable_element=&#8221;yes&#8221; css=&#8221;.vc_custom_1759537419593{background-image: url(https:\/\/www.rapiwebhost.com\/astorga\/wp-content\/uploads\/2023\/11\/fond_02a.jpg?id=9537) !important;background-position: center !important;background-repeat: no-repeat !important;background-size: cover !important;}&#8221;][vc_column]\r\n\t<div class=\"bauer-spacer clearfix\" data-desktop=\"94\" data-mobi=\"60\" data-smobi=\"60\"><\/div>[vc_row_inner column_inner_spacing=&#8221;100&#8243;][vc_column_inner width=&#8221;1\/2&#8243;]\r\n\t<div class=\"bauer-spacer clearfix\" data-desktop=\"25\" data-mobi=\"45\" data-smobi=\"45\"><\/div><h2 class=\"bauer-text clearfix  wow fadeIn\" style=\"font-size:34px;line-height:50px;margin-bottom:32px;\"><p>Nous sommes sp\u00e9cialis\u00e9s dans la fabrication et la commercialisation d&#8217;ingr\u00e9dients pour l&#8217;industrie alimentaire.<\/p>\n<\/h2><div class=\"bauer-single-heading clearfix  has-line wow fadeIn\" style=\"margin-bottom:22px;\"><span class=\"inner\"><span class=\"line accent\" style=\"width:12px;height:12px;top:9px;\"><\/span><span class=\"heading clearfix \" style=\"color:#414042;font-size:18px;padding-left:20px;\">\r\n\t\t\u00c0 propos de nous\r\n\t<\/span><\/span><\/div><div class=\"bauer-text clearfix  wow fadeIn\" style=\"font-size:16px;\"><p>Carmil est la marque d&#8217;Astorga Foods Ingredients, une entreprise fi\u00e8rement originaire de Chihuahua, qui s&#8217;engage \u00e0 apporter innovation et saveur aux cuisines professionnelles comme aux particuliers. Fond\u00e9e en 2013 au sein de PIINCA, notre maison m\u00e8re b\u00e9n\u00e9ficie d&#8217;une vaste exp\u00e9rience dans la fabrication et la distribution d&#8217;ingr\u00e9dients \u00e0 l&#8217;\u00e9chelle industrielle.<\/p>\n<p>Avec Carmil, nous mettons notre expertise au service des restaurants et des supermarch\u00e9s, en proposant une gamme sp\u00e9cialis\u00e9e d&#8217;exhausteurs de go\u00fbt, de marinades et de farines sp\u00e9ciales, con\u00e7us pour faciliter la pr\u00e9paration de plats irr\u00e9sistibles.<\/p>\n<p>Notre \u00e9quipe est compos\u00e9e de professionnels hautement qualifi\u00e9s, passionn\u00e9s par le d\u00e9veloppement de produits alimentaires qui inspirent la cr\u00e9ativit\u00e9 culinaire.<\/p>\n<p>Dans chaque ingr\u00e9dient Carmil, nous offrons l&#8217;essence m\u00eame de la saveur et de la qualit\u00e9, transformant le quotidien en extraordinaire.<\/p>\n<\/div>\r\n\t<div class=\"bauer-spacer clearfix\" data-desktop=\"30\" data-mobi=\"10\" data-smobi=\"10\"><\/div><div class=\"button-wrap icon-right wow fadeIn\" style=\"\"  data-wow-duration=\"0.75s\" data-wow-delay=\"0.3s\"><a href=\"https:\/\/www.rapiwebhost.com\/astorga\/contacto\/\" target=\"_self\" class=\"bauer-button btn-1295133420 medium no_icon accent\" style=\"border-radius:30px;\"  data-text=\"#ffffff\">\r\n\t\t<span style=\"\">Contactez-nous <\/span>\r\n\t<\/a><\/div>\r\n\t<div class=\"bauer-spacer clearfix\" data-desktop=\"50\" data-mobi=\"10\" data-smobi=\"10\"><\/div>[\/vc_column_inner][vc_column_inner width=&#8221;1\/2&#8243;]<div class=\"bauer-simple-image text-center\" style=\"\" >\r\n\t\t\t<img decoding=\"async\" alt=\"image\" src=\"https:\/\/carmilfoods.com\/fr\/wp-content\/uploads\/2023\/11\/nosotros_01a.png\" \/> \r\n\t\t<\/div>[\/vc_column_inner][\/vc_row_inner]\r\n\t<div class=\"bauer-spacer clearfix\" data-desktop=\"100\" data-mobi=\"60\" data-smobi=\"60\"><\/div>[\/vc_column][\/vc_row][vc_row parallax=&#8221;content-moving&#8221; parallax_image=&#8221;9755&#8243; css=&#8221;.vc_custom_1759628314734{background-position: center;background-repeat: no-repeat !important;background-size: cover !important;}&#8221;][vc_column]\r\n\t<div class=\"bauer-spacer clearfix\" data-desktop=\"100\" data-mobi=\"60\" data-smobi=\"60\"><\/div><h2 class=\"bauer-text clearfix text-center wow fadeIn\" style=\"font-size:32px;line-height:50px;color:#ffffff;margin-bottom:30px;max-width:600px;margin-left: auto; margin-right: auto;\"><p>Des ingr\u00e9dients de caract\u00e8re pour des cuisines qui surprennent.<\/p>\n<\/h2>\r\n\t<div class=\"bauer-spacer clearfix\" data-desktop=\"80\" data-mobi=\"60\" data-smobi=\"60\"><\/div>[\/vc_column][\/vc_row][vc_row css=&#8221;.vc_custom_1698993220000{background-image: url(https:\/\/www.rapiwebhost.com\/astorga\/wp-content\/uploads\/2020\/08\/bg-image-37.png?id=991) !important;background-position: center !important;background-repeat: no-repeat !important;background-size: cover !important;}&#8221;][vc_column]\r\n\t<div class=\"bauer-spacer clearfix\" data-desktop=\"94\" data-mobi=\"60\" data-smobi=\"60\"><\/div>[vc_row_inner][vc_column_inner width=&#8221;1\/2&#8243;]<h2 class=\"bauer-text clearfix  wow fadeIn\" style=\"font-size:38px;line-height:50px;color:#030f27;\"><p>Chez ASTORGA FOODS, nous sommes une entreprise engag\u00e9e, comp\u00e9titive et fiable.<\/p>\n<\/h2>[\/vc_column_inner][vc_column_inner width=&#8221;1\/2&#8243;]<h2 class=\"bauer-text clearfix  wow fadeIn\" style=\"font-weight:600;font-size:24px;line-height:50px;color:#030f27;\"><p><span style=\"color: #c29f65;\">NOS VALEURS<\/span><\/p>\n<\/h2><div class=\"bauer-text clearfix  wow fadeIn\" style=\"font-size:16px;line-height:30px;color:#414042;\"><p style=\"text-align: justify;\">Nos valeurs sont en accord avec notre objectif d&#8217;\u00eatre \u00ab une entreprise honn\u00eate et constante en mati\u00e8re de qualit\u00e9 \u00bb, de respecter chaque personne dans l&#8217;espace et le temps qu&#8217;elle occupe, de chercher \u00e0 offrir des services globaux et la meilleure option pour travailler avec nous.<\/p>\n<\/div>[\/vc_column_inner][\/vc_row_inner]\r\n\t<div class=\"bauer-spacer clearfix\" data-desktop=\"60\" data-mobi=\"50\" data-smobi=\"50\"><\/div>[vc_row_inner][vc_column_inner width=&#8221;1\/3&#8243;]<div class=\"bauer-icon-box clearfix icon-top align-left hover-style-1 simple wow fadeIn\" style=\"background-color:#ffffff;padding:25px 25px 27px;border-radius:5px;border:1px solid #e7e7e7;\"  data-wow-duration=\"0.75s\" data-wow-delay=\"0.3s\"><div class=\"hover\" style=\"border-radius:5px;background-image:url(https:\/\/carmilfoods.com\/fr\/wp-content\/uploads\/2023\/11\/Ppal_11b.jpg);\"><\/div><div class=\"wrap-inner\" style=\"position: relative;\"><div class=\"bauer-icon icon-1812882839 accent custom\"  data-background=\"\">\r\n\t\t\t\t<span class=\"icon\" style=\"font-size:50px;width:50px;height:50px;border-style:solid;line-height:50px;\"><i class=\"vc_li vc_li-like\"><\/i><\/span>\r\n\t\t\t<\/div> <h3 class=\"heading \" style=\"font-size:20px;line-height:24px;margin-bottom:12px;\">\r\n\t\t\t<span>Mission<\/span>\r\n\t\t<\/h3><div class=\"desc\" style=\"\"><p>Nous sommes une entreprise sp\u00e9cialis\u00e9e dans la fabrication et la vente de marinades liquides et d&#8217;ingr\u00e9dients en poudre destin\u00e9s \u00e0 l&#8217;industrie agroalimentaire et aux supermarch\u00e9s, afin de r\u00e9pondre aux besoins des entreprises de production alimentaire sur le march\u00e9 national et \u00e0 l&#8217;exportation. Notre personnel qualifi\u00e9 et nos processus de recherche et d\u00e9veloppement nous permettent d&#8217;obtenir des produits comp\u00e9titifs en termes de service, de qualit\u00e9 et de prix, et ainsi de rester leaders sur le march\u00e9, en recherchant constamment l&#8217;am\u00e9lioration.<\/p>\n<\/div> <div class=\"hover\" style=\"border-radius:5px;background-image:url(https:\/\/carmilfoods.com\/fr\/wp-content\/uploads\/2023\/11\/Ppal_11b.jpg);\"><\/div><\/div><\/div>\r\n\t<div class=\"bauer-spacer clearfix\" data-desktop=\"0\" data-mobi=\"30\" data-smobi=\"30\"><\/div>[\/vc_column_inner][vc_column_inner width=&#8221;1\/3&#8243;]<div class=\"bauer-icon-box clearfix icon-top align-left hover-style-1 simple wow fadeIn\" style=\"background-color:#ffffff;padding:25px 25px 27px;border-radius:5px;border:1px solid #e7e7e7;\"  data-wow-duration=\"0.75s\" data-wow-delay=\"0.3s\"><div class=\"hover\" style=\"border-radius:5px;background-image:url(https:\/\/carmilfoods.com\/fr\/wp-content\/uploads\/2023\/11\/Ppal_12b.jpg);\"><\/div><div class=\"wrap-inner\" style=\"position: relative;\"><div class=\"bauer-icon icon-36110540 accent custom\"  data-background=\"\">\r\n\t\t\t\t<span class=\"icon\" style=\"font-size:50px;width:50px;height:50px;border-style:solid;line-height:50px;\"><i class=\"vc_li vc_li-eye\"><\/i><\/span>\r\n\t\t\t<\/div> <h3 class=\"heading \" style=\"font-size:20px;line-height:24px;margin-bottom:12px;\">\r\n\t\t\t<span>Vision<\/span>\r\n\t\t<\/h3><div class=\"desc\" style=\"\"><p style=\"text-align: justify;\">Notre objectif est de devenir une entreprise pr\u00e9sente sur les march\u00e9s nationaux et internationaux, et capable de multiplier son chiffre d&#8217;affaires. Pour ce faire, nous nous engageons \u00e0 r\u00e9pondre syst\u00e9matiquement aux besoins de nos clients, en misant sur l&#8217;innovation et l&#8217;am\u00e9lioration continue de nos produits et processus, en maintenant un haut niveau de professionnalisme et en garantissant la confidentialit\u00e9 de nos informations.<\/p>\n<p>\u00a0<\/p>\n<\/div> <div class=\"hover\" style=\"border-radius:5px;background-image:url(https:\/\/carmilfoods.com\/fr\/wp-content\/uploads\/2023\/11\/Ppal_12b.jpg);\"><\/div><\/div><\/div>\r\n\t<div class=\"bauer-spacer clearfix\" data-desktop=\"0\" data-mobi=\"30\" data-smobi=\"30\"><\/div>[\/vc_column_inner][vc_column_inner width=&#8221;1\/3&#8243;]<div class=\"bauer-icon-box clearfix icon-top align-left hover-style-1 simple wow fadeIn\" style=\"background-color:#ffffff;padding:25px 25px 27px;border-radius:5px;border:1px solid #e7e7e7;\"  data-wow-duration=\"0.75s\" data-wow-delay=\"0.3s\"><div class=\"hover\" style=\"border-radius:5px;background-image:url(https:\/\/carmilfoods.com\/fr\/wp-content\/uploads\/2023\/11\/Ppal_15a.jpg);\"><\/div><div class=\"wrap-inner\" style=\"position: relative;\"><div class=\"bauer-icon icon-193289765 accent custom\"  data-background=\"\">\r\n\t\t\t\t<span class=\"icon\" style=\"font-size:50px;width:50px;height:50px;border-style:solid;line-height:50px;\"><i class=\"elegant-icon_ribbon_alt\"><\/i><\/span>\r\n\t\t\t<\/div> <h3 class=\"heading \" style=\"font-size:20px;line-height:24px;margin-bottom:12px;\">\r\n\t\t\t<span>Valeurs<\/span>\r\n\t\t<\/h3><div class=\"desc\" style=\"\"><p>Engagement<br \/>\nQualit\u00e9<br \/>\nHonn\u00eatet\u00e9<br \/>\nResponsabilit\u00e9<br \/>\nLoyaut\u00e9<br \/>\nTravail d&#8217;\u00e9quipe<\/p>\n<\/div> <div class=\"hover\" style=\"border-radius:5px;background-image:url(https:\/\/carmilfoods.com\/fr\/wp-content\/uploads\/2023\/11\/Ppal_15a.jpg);\"><\/div><\/div><\/div>[\/vc_column_inner][\/vc_row_inner]\r\n\t<div class=\"bauer-spacer clearfix\" data-desktop=\"100\" data-mobi=\"60\" data-smobi=\"60\"><\/div>[\/vc_column][\/vc_row][vc_row disable_element=&#8221;yes&#8221; css=&#8221;.vc_custom_1759538116601{background-image: url(https:\/\/www.rapiwebhost.com\/astorga\/wp-content\/uploads\/2020\/08\/bg-image-37.png?id=991) !important;background-position: center !important;background-repeat: no-repeat !important;background-size: cover !important;}&#8221;][vc_column]\r\n\t<div class=\"bauer-spacer clearfix\" data-desktop=\"94\" data-mobi=\"60\" data-smobi=\"60\"><\/div>[vc_row_inner][vc_column_inner width=&#8221;1\/2&#8243;]<h2 class=\"bauer-text clearfix  wow fadeIn\" style=\"font-size:38px;line-height:50px;color:#030f27;\"><p>Chez ASTORGA FOODS, nous sommes une entreprise engag\u00e9e, comp\u00e9titive et fiable.<\/p>\n<\/h2>[\/vc_column_inner][vc_column_inner width=&#8221;1\/2&#8243;]<h2 class=\"bauer-text clearfix  wow fadeIn\" style=\"font-weight:600;font-size:24px;line-height:50px;color:#030f27;\"><p><span style=\"color: #c29f65;\">\u00bfQUELS SONT LES INGR\u00c9DIENTS DES PRODUITS ALIMENTAIRES ASTORGA ?<\/span><\/p>\n<\/h2><div class=\"bauer-text clearfix  wow fadeIn\" style=\"font-size:16px;line-height:30px;color:#414042;\"><p>Astorga Food Ingredients est une entreprise 100 % mexicaine forte d&#8217;une solide exp\u00e9rience dans le secteur agroalimentaire. Notre activit\u00e9 principale consiste \u00e0 accompagner et d\u00e9velopper les projets de nos clients.<\/p>\n<p>Nous fabriquons et distribuons des ingr\u00e9dients et des produits alimentaires, et proposons des solutions compl\u00e8tes, gr\u00e2ce \u00e0 notre expertise reconnue dans la mise en place d&#8217;usines de transformation.<\/p>\n<\/div>[\/vc_column_inner][\/vc_row_inner]\r\n\t<div class=\"bauer-spacer clearfix\" data-desktop=\"60\" data-mobi=\"50\" data-smobi=\"50\"><\/div>[vc_row_inner][vc_column_inner width=&#8221;1\/3&#8243;]<div class=\"bauer-icon-box clearfix icon-top align-left hover-style-1 simple wow fadeIn\" style=\"background-color:#ffffff;padding:25px 25px 27px;border-radius:5px;border:1px solid #e7e7e7;\"  data-wow-duration=\"0.75s\" data-wow-delay=\"0.3s\"><div class=\"hover\" style=\"border-radius:5px;background-image:url(https:\/\/carmilfoods.com\/fr\/wp-content\/uploads\/2023\/11\/Ppal_11b.jpg);\"><\/div><div class=\"wrap-inner\" style=\"position: relative;\"><div class=\"bauer-icon icon-316692520 accent custom\"  data-background=\"\">\r\n\t\t\t\t<span class=\"icon\" style=\"font-size:50px;width:50px;height:50px;border-style:solid;line-height:50px;\"><i class=\"vc_li vc_li-like\"><\/i><\/span>\r\n\t\t\t<\/div> <h3 class=\"heading \" style=\"font-size:20px;line-height:24px;margin-bottom:12px;\">\r\n\t\t\t<span>Mission<\/span>\r\n\t\t<\/h3><div class=\"desc\" style=\"\"><p style=\"text-align: justify;\">Nous sommes une entreprise sp\u00e9cialis\u00e9e dans la fabrication et la vente de marinades liquides et d&#8217;ingr\u00e9dients en poudre destin\u00e9s \u00e0 l&#8217;industrie agroalimentaire et aux supermarch\u00e9s, afin de r\u00e9pondre aux besoins des entreprises de production alimentaire sur le march\u00e9 national et \u00e0 l&#8217;exportation. Notre personnel qualifi\u00e9 et nos processus de recherche et d\u00e9veloppement nous permettent d&#8217;obtenir des produits comp\u00e9titifs en termes de service, de qualit\u00e9 et de prix, et ainsi de rester leaders sur le march\u00e9, en recherchant constamment l&#8217;am\u00e9lioration.<\/p>\n<p>\u00a0<\/p>\n<\/div> <div class=\"hover\" style=\"border-radius:5px;background-image:url(https:\/\/carmilfoods.com\/fr\/wp-content\/uploads\/2023\/11\/Ppal_11b.jpg);\"><\/div><\/div><\/div>\r\n\t<div class=\"bauer-spacer clearfix\" data-desktop=\"0\" data-mobi=\"30\" data-smobi=\"30\"><\/div>[\/vc_column_inner][vc_column_inner width=&#8221;1\/3&#8243;]<div class=\"bauer-icon-box clearfix icon-top align-left hover-style-1 simple wow fadeIn\" style=\"background-color:#ffffff;padding:25px 25px 27px;border-radius:5px;border:1px solid #e7e7e7;\"  data-wow-duration=\"0.75s\" data-wow-delay=\"0.3s\"><div class=\"hover\" style=\"border-radius:5px;background-image:url(https:\/\/carmilfoods.com\/fr\/wp-content\/uploads\/2023\/11\/Ppal_12b.jpg);\"><\/div><div class=\"wrap-inner\" style=\"position: relative;\"><div class=\"bauer-icon icon-1756310563 accent custom\"  data-background=\"\">\r\n\t\t\t\t<span class=\"icon\" style=\"font-size:50px;width:50px;height:50px;border-style:solid;line-height:50px;\"><i class=\"vc_li vc_li-eye\"><\/i><\/span>\r\n\t\t\t<\/div> <h3 class=\"heading \" style=\"font-size:20px;line-height:24px;margin-bottom:12px;\">\r\n\t\t\t<span>Vision<\/span>\r\n\t\t<\/h3><div class=\"desc\" style=\"\"><p style=\"text-align: justify;\">Notre objectif est de devenir une entreprise pr\u00e9sente sur les march\u00e9s nationaux et internationaux, et capable de multiplier son chiffre d&#8217;affaires. Pour ce faire, nous nous engageons \u00e0 r\u00e9pondre syst\u00e9matiquement aux besoins de nos clients, en misant sur l&#8217;innovation et l&#8217;am\u00e9lioration continue de nos produits et processus, en maintenant un haut niveau de professionnalisme et en garantissant la confidentialit\u00e9 de nos informations.<\/p>\n<\/div> <div class=\"hover\" style=\"border-radius:5px;background-image:url(https:\/\/carmilfoods.com\/fr\/wp-content\/uploads\/2023\/11\/Ppal_12b.jpg);\"><\/div><\/div><\/div>\r\n\t<div class=\"bauer-spacer clearfix\" data-desktop=\"0\" data-mobi=\"30\" data-smobi=\"30\"><\/div>[\/vc_column_inner][vc_column_inner width=&#8221;1\/3&#8243;]<div class=\"bauer-icon-box clearfix icon-top align-left hover-style-1 simple wow fadeIn\" style=\"background-color:#ffffff;padding:25px 25px 27px;border-radius:5px;border:1px solid #e7e7e7;\"  data-wow-duration=\"0.75s\" data-wow-delay=\"0.3s\"><div class=\"hover\" style=\"border-radius:5px;background-image:url(https:\/\/carmilfoods.com\/fr\/wp-content\/uploads\/2023\/11\/Ppal_15a.jpg);\"><\/div><div class=\"wrap-inner\" style=\"position: relative;\"><div class=\"bauer-icon icon-1493753931 accent custom\"  data-background=\"\">\r\n\t\t\t\t<span class=\"icon\" style=\"font-size:50px;width:50px;height:50px;border-style:solid;line-height:50px;\"><i class=\"elegant-icon_ribbon_alt\"><\/i><\/span>\r\n\t\t\t<\/div> <h3 class=\"heading \" style=\"font-size:20px;line-height:24px;margin-bottom:12px;\">\r\n\t\t\t<span>Valeurs<\/span>\r\n\t\t<\/h3><div class=\"desc\" style=\"\"><p>Engagement<br \/>\nQualit\u00e9<br \/>\nHonn\u00eatet\u00e9<br \/>\nResponsabilit\u00e9<br \/>\nLoyaut\u00e9<br \/>\nTravail d&#8217;\u00e9quipe<\/p>\n<\/div> <div class=\"hover\" style=\"border-radius:5px;background-image:url(https:\/\/carmilfoods.com\/fr\/wp-content\/uploads\/2023\/11\/Ppal_15a.jpg);\"><\/div><\/div><\/div>[\/vc_column_inner][\/vc_row_inner]\r\n\t<div class=\"bauer-spacer clearfix\" data-desktop=\"100\" data-mobi=\"60\" data-smobi=\"60\"><\/div>[\/vc_column][\/vc_row][vc_row parallax=&#8221;content-moving&#8221; css=&#8221;.vc_custom_1759628491183{background-image: url(https:\/\/www.rapiwebhost.com\/astorga\/wp-content\/uploads\/2025\/10\/z_secc5.jpg?id=9759) !important;background-position: 0 0;background-repeat: no-repeat !important;}&#8221;][vc_column]\r\n\t<div class=\"bauer-spacer clearfix\" data-desktop=\"100\" data-mobi=\"60\" data-smobi=\"60\"><\/div><h2 class=\"bauer-text clearfix text-center wow fadeIn\" style=\"font-size:32px;line-height:50px;color:#ffffff;margin-bottom:30px;max-width:850px;margin-left: auto; margin-right: auto;\"><p>Nous avons de l&#8217;exp\u00e9rience depuis 2013 dans la fabrication et la commercialisation d&#8217;ingr\u00e9dients pour l&#8217;industrie alimentaire.<\/p>\n<\/h2>\r\n\t<div class=\"bauer-spacer clearfix\" data-desktop=\"80\" data-mobi=\"60\" data-smobi=\"60\"><\/div>[\/vc_column][\/vc_row]<\/p>\n<\/section>","protected":false},"excerpt":{"rendered":"<p>[vc_row css=&#8221;.vc_custom_1698978287020{background-image: url(https:\/\/www.rapiwebhost.com\/astorga\/wp-content\/uploads\/2023\/11\/fond_02a.jpg?id=9537) !important;background-position: center !important;background-repeat: no-repeat !important;background-size: cover !important;}&#8221; el_id=&#8221;first-row&#8221;][vc_column][vc_row_inner column_inner_spacing=&#8221;100&#8243;][vc_column_inner width=&#8221;1\/2&#8243;][\/vc_column_inner][vc_column_inner width=&#8221;1\/2&#8243;][\/vc_column_inner][\/vc_row_inner][\/vc_column][\/vc_row][vc_row disable_element=&#8221;yes&#8221; css=&#8221;.vc_custom_1759537419593{background-image: url(https:\/\/www.rapiwebhost.com\/astorga\/wp-content\/uploads\/2023\/11\/fond_02a.jpg?id=9537) !important;background-position: center !important;background-repeat: no-repeat !important;background-size: cover !important;}&#8221;][vc_column][vc_row_inner column_inner_spacing=&#8221;100&#8243;][vc_column_inner width=&#8221;1\/2&#8243;][\/vc_column_inner][vc_column_inner width=&#8221;1\/2&#8243;][\/vc_column_inner][\/vc_row_inner][\/vc_column][\/vc_row][vc_row parallax=&#8221;content-moving&#8221; parallax_image=&#8221;9755&#8243; css=&#8221;.vc_custom_1759628314734{background-position: center;background-repeat: no-repeat !important;background-size: cover !important;}&#8221;][vc_column][\/vc_column][\/vc_row][vc_row css=&#8221;.vc_custom_1698993220000{background-image: url(https:\/\/www.rapiwebhost.com\/astorga\/wp-content\/uploads\/2020\/08\/bg-image-37.png?id=991) !important;background-position: center !important;background-repeat: no-repeat !important;background-size: cover !important;}&#8221;][vc_column][vc_row_inner][vc_column_inner width=&#8221;1\/2&#8243;][\/vc_column_inner][vc_column_inner width=&#8221;1\/2&#8243;][\/vc_column_inner][\/vc_row_inner][vc_row_inner][vc_column_inner width=&#8221;1\/3&#8243;][\/vc_column_inner][vc_column_inner width=&#8221;1\/3&#8243;][\/vc_column_inner][vc_column_inner width=&#8221;1\/3&#8243;][\/vc_column_inner][\/vc_row_inner][\/vc_column][\/vc_row][vc_row disable_element=&#8221;yes&#8221;<\/p>\n","protected":false},"author":1,"featured_media":0,"parent":0,"menu_order":0,"comment_status":"closed","ping_status":"closed","template":"","meta":{"_joinchat":[],"footnotes":""},"class_list":["post-9389","page","type-page","status-publish","hentry"],"_links":{"self":[{"href":"https:\/\/carmilfoods.com\/fr\/wp-json\/wp\/v2\/pages\/9389","targetHints":{"allow":["GET"]}}],"collection":[{"href":"https:\/\/carmilfoods.com\/fr\/wp-json\/wp\/v2\/pages"}],"about":[{"href":"https:\/\/carmilfoods.com\/fr\/wp-json\/wp\/v2\/types\/page"}],"author":[{"embeddable":true,"href":"https:\/\/carmilfoods.com\/fr\/wp-json\/wp\/v2\/users\/1"}],"replies":[{"embeddable":true,"href":"https:\/\/carmilfoods.com\/fr\/wp-json\/wp\/v2\/comments?post=9389"}],"version-history":[{"count":29,"href":"https:\/\/carmilfoods.com\/fr\/wp-json\/wp\/v2\/pages\/9389\/revisions"}],"predecessor-version":[{"id":9834,"href":"https:\/\/carmilfoods.com\/fr\/wp-json\/wp\/v2\/pages\/9389\/revisions\/9834"}],"wp:attachment":[{"href":"https:\/\/carmilfoods.com\/fr\/wp-json\/wp\/v2\/media?parent=9389"}],"curies":[{"name":"wp","href":"https:\/\/api.w.org\/{rel}","templated":true}]}}